{"id":2785,"date":"2023-04-13T08:03:37","date_gmt":"2023-04-13T08:03:37","guid":{"rendered":"https:\/\/mindhead.aplicacionesinteligentes.es\/haeufig-gestellte-fragen\/"},"modified":"2023-05-08T06:48:42","modified_gmt":"2023-05-08T06:48:42","slug":"faqs","status":"publish","type":"page","link":"https:\/\/mindhead.es\/de\/faqs\/","title":{"rendered":"H\u00c4UFIG GESTELLTE FRAGEN"},"content":{"rendered":"\t\t<div data-elementor-type=\"wp-page\" data-elementor-id=\"2785\" class=\"elementor elementor-2785 elementor-658\" data-elementor-post-type=\"page\">\n\t\t\t\t<div class=\"elementor-element elementor-element-3d570b1 e-flex e-con-boxed e-con e-parent\" data-id=\"3d570b1\" data-element_type=\"container\" data-e-type=\"container\">\n\t\t\t\t\t<div class=\"e-con-inner\">\n\t\t\t\t<div class=\"elementor-element elementor-element-474489f elementor-widget elementor-widget-heading\" data-id=\"474489f\" data-element_type=\"widget\" data-e-type=\"widget\" data-widget_type=\"heading.default\">\n\t\t\t\t<div class=\"elementor-widget-container\">\n\t\t\t\t\t<h1 class=\"elementor-heading-title elementor-size-default\">H\u00c4UFIG GESTELLTE FRAGEN\n<\/h1>\t\t\t\t<\/div>\n\t\t\t\t<\/div>\n\t\t\t\t\t<\/div>\n\t\t\t\t<\/div>\n\t\t<div class=\"elementor-element elementor-element-fda09e6 e-flex e-con-boxed e-con e-parent\" data-id=\"fda09e6\" data-element_type=\"container\" data-e-type=\"container\">\n\t\t\t\t\t<div class=\"e-con-inner\">\n\t\t\t\t<div class=\"elementor-element elementor-element-eda56f3 elementor-widget elementor-widget-accordion\" data-id=\"eda56f3\" data-element_type=\"widget\" data-e-type=\"widget\" data-widget_type=\"accordion.default\">\n\t\t\t\t<div class=\"elementor-widget-container\">\n\t\t\t\t\t\t\t<div class=\"elementor-accordion\">\n\t\t\t\t\t\t\t<div class=\"elementor-accordion-item\">\n\t\t\t\t\t<h5 id=\"elementor-tab-title-2491\" class=\"elementor-tab-title\" data-tab=\"1\" role=\"button\" aria-controls=\"elementor-tab-content-2491\" aria-expanded=\"false\">\n\t\t\t\t\t\t\t\t\t\t\t\t<a class=\"elementor-accordion-title\" tabindex=\"0\">F\u00fchlen Sie sich allein in Ihrem Job als CEO?<\/a>\n\t\t\t\t\t<\/h5>\n\t\t\t\t\t<div id=\"elementor-tab-content-2491\" class=\"elementor-tab-content elementor-clearfix\" data-tab=\"1\" role=\"region\" aria-labelledby=\"elementor-tab-title-2491\"><p>Mindhead geh\u00f6rt zu einer Unternehmensgruppe mit mehreren und vielf\u00e4ltigen wirtschaftlichen Aktivit\u00e4ten, daher ist unser Beratungsservice aus unserer eigenen pers\u00f6nlichen Erfahrung entstanden. Wir wissen, was es mit Entscheidungen auf sich hat, wir kennen den Stress und Aufwand. Eine objektive und erfahrene Vision ist diejenige, die Ihnen hilft, die besten zu nehmen, und Sie werden sie nicht &#8222;im Haus&#8220; finden. Du bist nicht allein, wir sind bei dir.<\/p><\/div>\n\t\t\t\t<\/div>\n\t\t\t\t\t\t\t<div class=\"elementor-accordion-item\">\n\t\t\t\t\t<h5 id=\"elementor-tab-title-2492\" class=\"elementor-tab-title\" data-tab=\"2\" role=\"button\" aria-controls=\"elementor-tab-content-2492\" aria-expanded=\"false\">\n\t\t\t\t\t\t\t\t\t\t\t\t<a class=\"elementor-accordion-title\" tabindex=\"0\">Haben Sie die Indikatoren, die Ihnen die Rentabilit\u00e4t der einzelnen Gesch\u00e4ftsbereiche Ihres Unternehmens anzeigen?<\/a>\n\t\t\t\t\t<\/h5>\n\t\t\t\t\t<div id=\"elementor-tab-content-2492\" class=\"elementor-tab-content elementor-clearfix\" data-tab=\"2\" role=\"region\" aria-labelledby=\"elementor-tab-title-2492\"><p>Die Generierung von Dashboards und den wichtigsten KPIs ist unerl\u00e4sslich, da sie Ihnen sofortige Online-Informationen zu den Indikatoren liefern, die Ihnen helfen, Aufzeichnungen oder Indikatoren, die nicht in Ordnung sind, zu visualisieren und zu erkennen. Bei diesen Digitalisierungsprozessen gilt die Maxime \u201eWeniger ist mehr\u201c.<\/p><\/div>\n\t\t\t\t<\/div>\n\t\t\t\t\t\t\t<div class=\"elementor-accordion-item\">\n\t\t\t\t\t<h5 id=\"elementor-tab-title-2493\" class=\"elementor-tab-title\" data-tab=\"3\" role=\"button\" aria-controls=\"elementor-tab-content-2493\" aria-expanded=\"false\">\n\t\t\t\t\t\t\t\t\t\t\t\t<a class=\"elementor-accordion-title\" tabindex=\"0\">Haben Sie eine effektive Markt- und Kundensegmentierung?<\/a>\n\t\t\t\t\t<\/h5>\n\t\t\t\t\t<div id=\"elementor-tab-content-2493\" class=\"elementor-tab-content elementor-clearfix\" data-tab=\"3\" role=\"region\" aria-labelledby=\"elementor-tab-title-2493\"><p>Aufh\u00f6ren. Analysieren. messen. Erstellen Sie die Strategie. Testen Sie es durch Trial\/Error und segmentieren Sie die Nischen, die aus Sicht der Rentabilit\u00e4t und Zufriedenheit Ihrer zuk\u00fcnftigen Kunden die besten sind.<\/p><\/div>\n\t\t\t\t<\/div>\n\t\t\t\t\t\t\t<div class=\"elementor-accordion-item\">\n\t\t\t\t\t<h5 id=\"elementor-tab-title-2494\" class=\"elementor-tab-title\" data-tab=\"4\" role=\"button\" aria-controls=\"elementor-tab-content-2494\" aria-expanded=\"false\">\n\t\t\t\t\t\t\t\t\t\t\t\t<a class=\"elementor-accordion-title\" tabindex=\"0\">Ich bin ein Familienunternehmen und muss es professionalisieren.<\/a>\n\t\t\t\t\t<\/h5>\n\t\t\t\t\t<div id=\"elementor-tab-content-2494\" class=\"elementor-tab-content elementor-clearfix\" data-tab=\"4\" role=\"region\" aria-labelledby=\"elementor-tab-title-2494\"><p>Wir haben fundierte Erfahrung in Professionalisierungsprozessen und Generationswechseln. Der Sohn oder die Tochter von zu sein, garantiert keine korrekte Unternehmensnachfolge. Wir sind Spezialisten f\u00fcr die Professionalisierung von Familienunternehmen, identifizieren die Eignung oder das Gegenteil der Garantie, dass ein Gesellschafter ein qualifizierter Manager sein kann, und f\u00f6rdern Partnervereinbarungen, Familienprotokolle und Verfahren zu diesem Zweck.<\/p><\/div>\n\t\t\t\t<\/div>\n\t\t\t\t\t\t\t<div class=\"elementor-accordion-item\">\n\t\t\t\t\t<h5 id=\"elementor-tab-title-2495\" class=\"elementor-tab-title\" data-tab=\"5\" role=\"button\" aria-controls=\"elementor-tab-content-2495\" aria-expanded=\"false\">\n\t\t\t\t\t\t\t\t\t\t\t\t<a class=\"elementor-accordion-title\" tabindex=\"0\">Ich brauche Hilfe, um einen Finanzbedarfsplan zu erstellen.<\/a>\n\t\t\t\t\t<\/h5>\n\t\t\t\t\t<div id=\"elementor-tab-content-2495\" class=\"elementor-tab-content elementor-clearfix\" data-tab=\"5\" role=\"region\" aria-labelledby=\"elementor-tab-title-2495\"><p>Geld regiert die Welt! Eine klare Strategie und F\u00fchrung des Treasury entlastet Ihr Unternehmen. Ein sehr wichtiger Prozentsatz der Sterblichkeit von Unternehmen ist nicht auf die Rentabilit\u00e4t zur\u00fcckzuf\u00fchren, nicht auf mangelnde Ums\u00e4tze, sondern auf schlechtes Treasury-Management.<\/p><\/div>\n\t\t\t\t<\/div>\n\t\t\t\t\t\t\t<div class=\"elementor-accordion-item\">\n\t\t\t\t\t<h5 id=\"elementor-tab-title-2496\" class=\"elementor-tab-title\" data-tab=\"6\" role=\"button\" aria-controls=\"elementor-tab-content-2496\" aria-expanded=\"false\">\n\t\t\t\t\t\t\t\t\t\t\t\t<a class=\"elementor-accordion-title\" tabindex=\"0\">Ich m\u00f6chte mein Unternehmen verkaufen.<\/a>\n\t\t\t\t\t<\/h5>\n\t\t\t\t\t<div id=\"elementor-tab-content-2496\" class=\"elementor-tab-content elementor-clearfix\" data-tab=\"6\" role=\"region\" aria-labelledby=\"elementor-tab-title-2496\"><p>Wir sind Spezialisten f\u00fcr M&amp;A-Prozesse, Akquisitionen und Verk\u00e4ufe von Unternehmen und haben an verschiedenen Prozessen verschiedener Unternehmen aus mehreren Wirtschaftszweigen teilgenommen.<\/p><\/div>\n\t\t\t\t<\/div>\n\t\t\t\t\t\t\t<div class=\"elementor-accordion-item\">\n\t\t\t\t\t<h5 id=\"elementor-tab-title-2497\" class=\"elementor-tab-title\" data-tab=\"7\" role=\"button\" aria-controls=\"elementor-tab-content-2497\" aria-expanded=\"false\">\n\t\t\t\t\t\t\t\t\t\t\t\t<a class=\"elementor-accordion-title\" tabindex=\"0\">Ich muss die Service- und Produktlinien meines Unternehmens erweitern.<\/a>\n\t\t\t\t\t<\/h5>\n\t\t\t\t\t<div id=\"elementor-tab-content-2497\" class=\"elementor-tab-content elementor-clearfix\" data-tab=\"7\" role=\"region\" aria-labelledby=\"elementor-tab-title-2497\"><p>Innovieren, differenzieren, Mehrwert schaffen&#8230; Wenn Ihre Produkte und\/oder Dienstleistungen keines dieser Merkmale erf\u00fcllen, ist es dringend erforderlich, dass Sie ein \u201eStop and Go\u201c machen, mit einer gr\u00fcndlichen und schnellen Reflexion, die in einem neuen Vorschlag gipfelt . Andernfalls wird Ihr Unternehmen ein ernsthaftes Problem haben.<\/p><\/div>\n\t\t\t\t<\/div>\n\t\t\t\t\t\t\t<div class=\"elementor-accordion-item\">\n\t\t\t\t\t<h5 id=\"elementor-tab-title-2498\" class=\"elementor-tab-title\" data-tab=\"8\" role=\"button\" aria-controls=\"elementor-tab-content-2498\" aria-expanded=\"false\">\n\t\t\t\t\t\t\t\t\t\t\t\t<a class=\"elementor-accordion-title\" tabindex=\"0\">Ich muss eine Finanzierung f\u00fcr mein Unternehmen finden.<\/a>\n\t\t\t\t\t<\/h5>\n\t\t\t\t\t<div id=\"elementor-tab-content-2498\" class=\"elementor-tab-content elementor-clearfix\" data-tab=\"8\" role=\"region\" aria-labelledby=\"elementor-tab-title-2498\"><p>Wir haben einen exklusiven Service namens Financing Observatory, in dem wir Unternehmen helfen, Bank- und Nicht-Bank-Finanzierungen zu finden, sowie \u00f6ffentlichen und privaten Unternehmen bei jeder Art von \u00f6ffentlicher Ausschreibung jeden Umfangs, lokal, provinziell, regional, national und europ\u00e4isch, helfen. einschlie\u00dflich der NEXT EU GEN-Fonds. Wir begleiten Unternehmen bei Standort, Pr\u00e4sentation und Begr\u00fcndung.<\/p><\/div>\n\t\t\t\t<\/div>\n\t\t\t\t\t\t\t<div class=\"elementor-accordion-item\">\n\t\t\t\t\t<h5 id=\"elementor-tab-title-2499\" class=\"elementor-tab-title\" data-tab=\"9\" role=\"button\" aria-controls=\"elementor-tab-content-2499\" aria-expanded=\"false\">\n\t\t\t\t\t\t\t\t\t\t\t\t<a class=\"elementor-accordion-title\" tabindex=\"0\">Ich muss in meinem Unternehmen ein funktionales Organigramm mit Funktionen und Verantwortlichkeiten definieren.<\/a>\n\t\t\t\t\t<\/h5>\n\t\t\t\t\t<div id=\"elementor-tab-content-2499\" class=\"elementor-tab-content elementor-clearfix\" data-tab=\"9\" role=\"region\" aria-labelledby=\"elementor-tab-title-2499\"><p>Die perfekte Balance zwischen einem effizienten Personal mit klaren Funktionen, abteilungs\u00fcbergreifenden Kommunikationsverfahren und technologischen Werkzeugen f\u00fcr seinen Prozess, zusammen mit der Beseitigung von Fett und allem, was unproduktiv ist, ist das zu generierende Modell.<\/p><\/div>\n\t\t\t\t<\/div>\n\t\t\t\t\t\t\t<div class=\"elementor-accordion-item\">\n\t\t\t\t\t<h5 id=\"elementor-tab-title-24910\" class=\"elementor-tab-title\" data-tab=\"10\" role=\"button\" aria-controls=\"elementor-tab-content-24910\" aria-expanded=\"false\">\n\t\t\t\t\t\t\t\t\t\t\t\t<a class=\"elementor-accordion-title\" tabindex=\"0\">Ich muss meine Kundenzahl erh\u00f6hen.<\/a>\n\t\t\t\t\t<\/h5>\n\t\t\t\t\t<div id=\"elementor-tab-content-24910\" class=\"elementor-tab-content elementor-clearfix\" data-tab=\"10\" role=\"region\" aria-labelledby=\"elementor-tab-title-24910\"><p>Sie w\u00e4ren sehr \u00fcberrascht (es erfordert eine \u00dcbung in Demut und externer Hilfe), was eine gute Strategie des Geschichtenerz\u00e4hlens, der \u00c4nderung, der Innovation der von Ihnen angebotenen Dienstleistungen\/Produkte und eine Strategie, wie Sie sie an wen und wie kommunizieren k\u00f6nnen, f\u00fcr Sie und bedeuten kann Ihr Unternehmen. Was kann Ihr Kundenportfolio erweitern&#8230;<\/p><\/div>\n\t\t\t\t<\/div>\n\t\t\t\t\t\t\t<div class=\"elementor-accordion-item\">\n\t\t\t\t\t<h5 id=\"elementor-tab-title-24911\" class=\"elementor-tab-title\" data-tab=\"11\" role=\"button\" aria-controls=\"elementor-tab-content-24911\" aria-expanded=\"false\">\n\t\t\t\t\t\t\t\t\t\t\t\t<a class=\"elementor-accordion-title\" tabindex=\"0\">Ich muss meinen Umsatz steigern.<\/a>\n\t\t\t\t\t<\/h5>\n\t\t\t\t\t<div id=\"elementor-tab-content-24911\" class=\"elementor-tab-content elementor-clearfix\" data-tab=\"11\" role=\"region\" aria-labelledby=\"elementor-tab-title-24911\"><p>Alle Partner von Mindhead verf\u00fcgen \u00fcber langj\u00e4hrige und umfassende Erfahrung in verschiedenen T\u00e4tigkeitsbereichen, da sie in verschiedenen Unternehmen gro\u00dfe Verantwortung \u00fcbernommen haben. Viele von ihnen hatten oder bekleiden derzeit relevante Positionen in verschiedenen Branchen und Arbeitgebern. Da unsere Monetarisierungsmethode teilweise auf einer Abrechnungsvariablen basiert, sind wir die ersten, die daran interessiert sind, sich an der Unterst\u00fctzung Ihres Wachstums zu beteiligen.<\/p><\/div>\n\t\t\t\t<\/div>\n\t\t\t\t\t\t\t<div class=\"elementor-accordion-item\">\n\t\t\t\t\t<h5 id=\"elementor-tab-title-24912\" class=\"elementor-tab-title\" data-tab=\"12\" role=\"button\" aria-controls=\"elementor-tab-content-24912\" aria-expanded=\"false\">\n\t\t\t\t\t\t\t\t\t\t\t\t<a class=\"elementor-accordion-title\" tabindex=\"0\">Kann mein Unternehmen Zusch\u00fcsse erhalten?<\/a>\n\t\t\t\t\t<\/h5>\n\t\t\t\t\t<div id=\"elementor-tab-content-24912\" class=\"elementor-tab-content elementor-clearfix\" data-tab=\"12\" role=\"region\" aria-labelledby=\"elementor-tab-title-24912\"><p>Nahezu alle Unternehmen und Branchen k\u00f6nnen \u00f6ffentliche F\u00f6rderausschreibungen beantragen. Bei Mindhead helfen wir \u00f6ffentlichen und privaten Unternehmen bei jeder Art von \u00f6ffentlichen Aufrufen auf allen Ebenen, lokal, provinziell, regional, national und europ\u00e4isch, einschlie\u00dflich der NEXT EU GEN-Fonds, und begleiten Unternehmen bei der Standortbestimmung, Pr\u00e4sentation und Begr\u00fcndung.<\/p><\/div>\n\t\t\t\t<\/div>\n\t\t\t\t\t\t\t<div class=\"elementor-accordion-item\">\n\t\t\t\t\t<h5 id=\"elementor-tab-title-24913\" class=\"elementor-tab-title\" data-tab=\"13\" role=\"button\" aria-controls=\"elementor-tab-content-24913\" aria-expanded=\"false\">\n\t\t\t\t\t\t\t\t\t\t\t\t<a class=\"elementor-accordion-title\" tabindex=\"0\">Muss ich in meinem Unternehmen einen digitalen Transformationsprozess durchf\u00fchren?<\/a>\n\t\t\t\t\t<\/h5>\n\t\t\t\t\t<div id=\"elementor-tab-content-24913\" class=\"elementor-tab-content elementor-clearfix\" data-tab=\"13\" role=\"region\" aria-labelledby=\"elementor-tab-title-24913\"><p>Ein weiterer Schl\u00fcsselfaktor, ohne Zweifel. Die Digitalisierung wird es uns nicht nur erm\u00f6glichen, effizienter zu sein und damit die Rentabilit\u00e4t zu steigern, sondern es uns auch erm\u00f6glichen, automatisierte Verkaufs- und Marketingstrategien zu generieren und Inhalte f\u00fcr unsere Kunden aufzubereiten, die n\u00fctzlich sind und einen Mehrwert f\u00fcr sie darstellen. Die Sterblichkeit eines nicht digitalisierten Unternehmens ist sehr hoch. Z\u00f6gere nicht l\u00e4nger.<\/p><\/div>\n\t\t\t\t<\/div>\n\t\t\t\t\t\t\t<div class=\"elementor-accordion-item\">\n\t\t\t\t\t<h5 id=\"elementor-tab-title-24914\" class=\"elementor-tab-title\" data-tab=\"14\" role=\"button\" aria-controls=\"elementor-tab-content-24914\" aria-expanded=\"false\">\n\t\t\t\t\t\t\t\t\t\t\t\t<a class=\"elementor-accordion-title\" tabindex=\"0\">Soll ich mein Unternehmen internationalisieren?<\/a>\n\t\t\t\t\t<\/h5>\n\t\t\t\t\t<div id=\"elementor-tab-content-24914\" class=\"elementor-tab-content elementor-clearfix\" data-tab=\"14\" role=\"region\" aria-labelledby=\"elementor-tab-title-24914\"><p>Wenn Sie ein differenziertes Leistungsversprechen haben, das das Land oder die Destination, die Gegenstand Ihrer Internationalisierung ist, ohne Zweifel erg\u00e4nzt. Aufgrund von Diversifikation und Unternehmenswert. Bei Mindhead haben wir klare Erfolgsbeispiele bei Internationalisierungsprozessen in unterschiedlichen Wirtschaftszweigen, mit unserer umfassenden Unterst\u00fctzung von Strategie, Umsetzung, ggf. Auswahl eines lokalen Partners und Gesch\u00e4ftsentwicklung.<\/p><\/div>\n\t\t\t\t<\/div>\n\t\t\t\t\t\t\t<div class=\"elementor-accordion-item\">\n\t\t\t\t\t<h5 id=\"elementor-tab-title-24915\" class=\"elementor-tab-title\" data-tab=\"15\" role=\"button\" aria-controls=\"elementor-tab-content-24915\" aria-expanded=\"false\">\n\t\t\t\t\t\t\t\t\t\t\t\t<a class=\"elementor-accordion-title\" tabindex=\"0\">Soll ich mein Unternehmen neu ausrichten, um ein Wertversprechen zu schaffen?<\/a>\n\t\t\t\t\t<\/h5>\n\t\t\t\t\t<div id=\"elementor-tab-content-24915\" class=\"elementor-tab-content elementor-clearfix\" data-tab=\"15\" role=\"region\" aria-labelledby=\"elementor-tab-title-24915\"><p>Die Besessenheit eines jeden Unternehmers muss die st\u00e4ndige Suche und Verbesserung seines Leistungsversprechens sein. Wenn Ihr Vorschlag nicht innovativ ist, sich von anderen unterscheidet und einen Mehrwert f\u00fcr Ihren aktuellen und zuk\u00fcnftigen Kunden schafft, wird Ihr einziges Argument der Preis sein.<\/p><\/div>\n\t\t\t\t<\/div>\n\t\t\t\t\t\t\t<div class=\"elementor-accordion-item\">\n\t\t\t\t\t<h5 id=\"elementor-tab-title-24916\" class=\"elementor-tab-title\" data-tab=\"16\" role=\"button\" aria-controls=\"elementor-tab-content-24916\" aria-expanded=\"false\">\n\t\t\t\t\t\t\t\t\t\t\t\t<a class=\"elementor-accordion-title\" tabindex=\"0\">Soll ich mein Unternehmen professionalisieren?<\/a>\n\t\t\t\t\t<\/h5>\n\t\t\t\t\t<div id=\"elementor-tab-content-24916\" class=\"elementor-tab-content elementor-clearfix\" data-tab=\"16\" role=\"region\" aria-labelledby=\"elementor-tab-title-24916\"><p>Es gibt keinen anderen, wenn Sie m\u00f6chten, dass das Gesch\u00e4ft Bestand hat. Das Talent, die Struktur des Unternehmens, die Koordination, abteilungs\u00fcbergreifende Abl\u00e4ufe, die KPI&#8217;s zur Unternehmenssteuerung und die l\u00fcckenlose \u00dcberwachung des Budgets sind Teil der Professionalisierung des Unternehmens.<\/p><\/div>\n\t\t\t\t<\/div>\n\t\t\t\t\t\t\t<div class=\"elementor-accordion-item\">\n\t\t\t\t\t<h5 id=\"elementor-tab-title-24917\" class=\"elementor-tab-title\" data-tab=\"17\" role=\"button\" aria-controls=\"elementor-tab-content-24917\" aria-expanded=\"false\">\n\t\t\t\t\t\t\t\t\t\t\t\t<a class=\"elementor-accordion-title\" tabindex=\"0\">Sollte ich externe Talente in mein Unternehmen einbinden, um mich bei strategischen Entscheidungen zu unterst\u00fctzen?<\/a>\n\t\t\t\t\t<\/h5>\n\t\t\t\t\t<div id=\"elementor-tab-content-24917\" class=\"elementor-tab-content elementor-clearfix\" data-tab=\"17\" role=\"region\" aria-labelledby=\"elementor-tab-title-24917\"><p>Unsere Erfahrung l\u00e4sst uns best\u00e4tigen, dass Objektivit\u00e4t von au\u00dferhalb des Unternehmens erreicht wird. Die Einbeziehung von Fachleuten durch Strategieaussch\u00fcsse, Management oder Aufsichtsr\u00e4te verleiht Ihrem Unternehmen Frische, Objektivit\u00e4t, eine unverzerrte Vision und vor allem Mehrwert. Alle gro\u00dfen Unternehmen setzen genau daf\u00fcr unabh\u00e4ngige Direktoren ein. Ein KMU sollte diese Zahlen einflie\u00dfen lassen und wir passen es an seine M\u00f6glichkeiten an. Sie werden nicht nur Wissen, sondern dank ihres Networkings auch M\u00f6glichkeiten f\u00fcr neue Kunden bereitstellen.<\/p><\/div>\n\t\t\t\t<\/div>\n\t\t\t\t\t\t\t<div class=\"elementor-accordion-item\">\n\t\t\t\t\t<h5 id=\"elementor-tab-title-24918\" class=\"elementor-tab-title\" data-tab=\"18\" role=\"button\" aria-controls=\"elementor-tab-content-24918\" aria-expanded=\"false\">\n\t\t\t\t\t\t\t\t\t\t\t\t<a class=\"elementor-accordion-title\" tabindex=\"0\">Warum einen Unternehmer als Berater w\u00e4hlen?<\/a>\n\t\t\t\t\t<\/h5>\n\t\t\t\t\t<div id=\"elementor-tab-content-24918\" class=\"elementor-tab-content elementor-clearfix\" data-tab=\"18\" role=\"region\" aria-labelledby=\"elementor-tab-title-24918\"><p>Das englische Sprichwort \u201eIf you put your money you put your heart\u201c \u00fcbersetzt \u201eWenn du dein Geld investierst, setze dein Herz\u201c, gibt uns die Antwort: Theorie ist notwendig, aber Erfahrung, Leiden und das Eingehen des Risikos, Geld und Verm\u00f6gen zu verlieren, ist es was einen Unternehmer auszeichnet. Deshalb sind wir die besten Berater, weil wir Unternehmer sind.<\/p><\/div>\n\t\t\t\t<\/div>\n\t\t\t\t\t\t\t<div class=\"elementor-accordion-item\">\n\t\t\t\t\t<h5 id=\"elementor-tab-title-24919\" class=\"elementor-tab-title\" data-tab=\"19\" role=\"button\" aria-controls=\"elementor-tab-content-24919\" aria-expanded=\"false\">\n\t\t\t\t\t\t\t\t\t\t\t\t<a class=\"elementor-accordion-title\" tabindex=\"0\">Wie kann ich mein Unternehmen bekannt machen?<\/a>\n\t\t\t\t\t<\/h5>\n\t\t\t\t\t<div id=\"elementor-tab-content-24919\" class=\"elementor-tab-content elementor-clearfix\" data-tab=\"19\" role=\"region\" aria-labelledby=\"elementor-tab-title-24919\"><p>Heutzutage ist die Bedeutung der Marke und der Marketingstrategie ein grundlegendes Element f\u00fcr das Wachstum, den Wert und die Anerkennung jeder Marke. Heutzutage erm\u00f6glichen uns die Technologie, die Automatisierungsprozesse des digitalen Marketings sowie die Wirtschafts- und Segmentierungskapazit\u00e4t des RRSS, Kampagnen und Aktionen mit moderaten Budgets zu entwickeln.<\/p><\/div>\n\t\t\t\t<\/div>\n\t\t\t\t\t\t\t\t<\/div>\n\t\t\t\t\t\t<\/div>\n\t\t\t\t<\/div>\n\t\t\t\t\t<\/div>\n\t\t\t\t<\/div>\n\t\t\t\t<\/div>\n\t\t","protected":false},"excerpt":{"rendered":"<p>H\u00c4UFIG GESTELLTE FRAGEN F\u00fchlen Sie sich allein in Ihrem Job als CEO? Mindhead geh\u00f6rt zu einer Unternehmensgruppe mit mehreren und vielf\u00e4ltigen wirtschaftlichen Aktivit\u00e4ten, daher ist unser Beratungsservice aus unserer eigenen pers\u00f6nlichen Erfahrung entstanden. Wir wissen, was es mit Entscheidungen auf sich hat, wir kennen den Stress und Aufwand. Eine objektive und erfahrene Vision ist diejenige, [&hellip;]<\/p>\n","protected":false},"author":1,"featured_media":0,"parent":0,"menu_order":0,"comment_status":"closed","ping_status":"closed","template":"","meta":{"footnotes":""},"class_list":["post-2785","page","type-page","status-publish","hentry"],"_links":{"self":[{"href":"https:\/\/mindhead.es\/de\/wp-json\/wp\/v2\/pages\/2785","targetHints":{"allow":["GET"]}}],"collection":[{"href":"https:\/\/mindhead.es\/de\/wp-json\/wp\/v2\/pages"}],"about":[{"href":"https:\/\/mindhead.es\/de\/wp-json\/wp\/v2\/types\/page"}],"author":[{"embeddable":true,"href":"https:\/\/mindhead.es\/de\/wp-json\/wp\/v2\/users\/1"}],"replies":[{"embeddable":true,"href":"https:\/\/mindhead.es\/de\/wp-json\/wp\/v2\/comments?post=2785"}],"version-history":[{"count":15,"href":"https:\/\/mindhead.es\/de\/wp-json\/wp\/v2\/pages\/2785\/revisions"}],"predecessor-version":[{"id":3497,"href":"https:\/\/mindhead.es\/de\/wp-json\/wp\/v2\/pages\/2785\/revisions\/3497"}],"wp:attachment":[{"href":"https:\/\/mindhead.es\/de\/wp-json\/wp\/v2\/media?parent=2785"}],"curies":[{"name":"wp","href":"https:\/\/api.w.org\/{rel}","templated":true}]}}