{"id":2670,"date":"2023-04-04T11:48:54","date_gmt":"2023-04-04T11:48:54","guid":{"rendered":"https:\/\/mindhead.aplicacionesinteligentes.es\/blog\/"},"modified":"2026-01-13T11:18:41","modified_gmt":"2026-01-13T11:18:41","slug":"blog","status":"publish","type":"page","link":"https:\/\/mindhead.es\/de\/blog\/","title":{"rendered":"Blog"},"content":{"rendered":"\t\t<div data-elementor-type=\"wp-page\" data-elementor-id=\"2670\" class=\"elementor elementor-2670 elementor-101\" data-elementor-post-type=\"page\">\n\t\t\t\t<div class=\"elementor-element elementor-element-88615b3 e-flex e-con-boxed e-con e-parent\" data-id=\"88615b3\" data-element_type=\"container\" data-e-type=\"container\" data-settings=\"{&quot;background_background&quot;:&quot;classic&quot;}\">\n\t\t\t\t\t<div class=\"e-con-inner\">\n\t\t\t\t<div class=\"elementor-element elementor-element-f964c16 elementor-widget elementor-widget-heading\" data-id=\"f964c16\" data-element_type=\"widget\" data-e-type=\"widget\" data-widget_type=\"heading.default\">\n\t\t\t\t<div class=\"elementor-widget-container\">\n\t\t\t\t\t<h1 class=\"elementor-heading-title elementor-size-default\">NACHRICHTEN<\/h1>\t\t\t\t<\/div>\n\t\t\t\t<\/div>\n\t\t\t\t<div class=\"elementor-element elementor-element-e169f47 elementor-widget-divider--view-line elementor-widget elementor-widget-divider\" data-id=\"e169f47\" data-element_type=\"widget\" data-e-type=\"widget\" data-widget_type=\"divider.default\">\n\t\t\t\t<div class=\"elementor-widget-container\">\n\t\t\t\t\t\t\t<div class=\"elementor-divider\">\n\t\t\t<span class=\"elementor-divider-separator\">\n\t\t\t\t\t\t<\/span>\n\t\t<\/div>\n\t\t\t\t\t\t<\/div>\n\t\t\t\t<\/div>\n\t\t\t\t\t<\/div>\n\t\t\t\t<\/div>\n\t\t<div class=\"elementor-element elementor-element-bd21a2c e-flex e-con-boxed e-con e-parent\" data-id=\"bd21a2c\" data-element_type=\"container\" data-e-type=\"container\">\n\t\t\t\t\t<div class=\"e-con-inner\">\n\t\t\t\t<div class=\"elementor-element elementor-element-969b3e9 elementor-widget elementor-widget-mgposts_tab\" data-id=\"969b3e9\" data-element_type=\"widget\" data-e-type=\"widget\" data-widget_type=\"mgposts_tab.default\">\n\t\t\t\t<div class=\"elementor-widget-container\">\n\t\t\t\t\t\r\n\r\n        \r\n            <div class=\"mpt-tabs mpt-shadow mpdtabs-style2 mpt-tab-horizontal\">\r\n\r\n                \r\n                <!-- Horijontal tab start -->\r\n                \r\n\r\n                        <div class=\"mpdtab-nav-wrap bsknav-fit navalign-center\">\r\n                            <ul class=\"mgp-nav mgp-nav-tabs \" id=\"myTab\" role=\"tablist\">\r\n\r\n                                \r\n                                    <li class=\"mgp-nav-item\" role=\"presentation\">\r\n                                        <a class=\"mgp-nav-link mgp-active\" id=\"tab-19324640\" data-mgbs-toggle=\"tab\" data-mgbs-target=\"#mapt_19324640\" href=\"#\" role=\"tab\" aria-controls=\"mapt_19324640\" aria-selected=\"true\">\r\n                                                                                        <span>Blog<\/span>\r\n                                                                                    <\/a>\r\n                                    <\/li>\r\n                                \r\n                                    <li class=\"mgp-nav-item\" role=\"presentation\">\r\n                                        <a class=\"mgp-nav-link\" id=\"tab-19324641\" data-mgbs-toggle=\"tab\" data-mgbs-target=\"#mapt_19324641\" href=\"#\" role=\"tab\" aria-controls=\"mapt_19324641\" aria-selected=\"false\">\r\n                                                                                        <span>Mindhead<\/span>\r\n                                                                                    <\/a>\r\n                                    <\/li>\r\n                                \r\n                                    <li class=\"mgp-nav-item\" role=\"presentation\">\r\n                                        <a class=\"mgp-nav-link\" id=\"tab-19324642\" data-mgbs-toggle=\"tab\" data-mgbs-target=\"#mapt_19324642\" href=\"#\" role=\"tab\" aria-controls=\"mapt_19324642\" aria-selected=\"false\">\r\n                                                                                        <span>Ayudas<\/span>\r\n                                                                                    <\/a>\r\n                                    <\/li>\r\n                                \r\n                                    <li class=\"mgp-nav-item\" role=\"presentation\">\r\n                                        <a class=\"mgp-nav-link\" id=\"tab-19324643\" data-mgbs-toggle=\"tab\" data-mgbs-target=\"#mapt_19324643\" href=\"#\" role=\"tab\" aria-controls=\"mapt_19324643\" aria-selected=\"false\">\r\n                                                                                        <span>Fomento<\/span>\r\n                                                                                    <\/a>\r\n                                    <\/li>\r\n                                \r\n                                    <li class=\"mgp-nav-item\" role=\"presentation\">\r\n                                        <a class=\"mgp-nav-link\" id=\"tab-19324644\" data-mgbs-toggle=\"tab\" data-mgbs-target=\"#mapt_19324644\" href=\"#\" role=\"tab\" aria-controls=\"mapt_19324644\" aria-selected=\"false\">\r\n                                                                                        <span>Econom\u00eda<\/span>\r\n                                                                                    <\/a>\r\n                                    <\/li>\r\n                                \r\n                                    <li class=\"mgp-nav-item\" role=\"presentation\">\r\n                                        <a class=\"mgp-nav-link\" id=\"tab-19324645\" data-mgbs-toggle=\"tab\" data-mgbs-target=\"#mapt_19324645\" href=\"#\" role=\"tab\" aria-controls=\"mapt_19324645\" aria-selected=\"false\">\r\n                                                                                        <span>Casos de \u00e9xito<\/span>\r\n                                                                                    <\/a>\r\n                                    <\/li>\r\n                                \r\n                                    <li class=\"mgp-nav-item\" role=\"presentation\">\r\n                                        <a class=\"mgp-nav-link\" id=\"tab-19324646\" data-mgbs-toggle=\"tab\" data-mgbs-target=\"#mapt_19324646\" href=\"#\" role=\"tab\" aria-controls=\"mapt_19324646\" aria-selected=\"false\">\r\n                                                                                        <span>Financiaci\u00f3n<\/span>\r\n                                                                                    <\/a>\r\n                                    <\/li>\r\n                                \r\n                                    <li class=\"mgp-nav-item\" role=\"presentation\">\r\n                                        <a class=\"mgp-nav-link\" id=\"tab-19324647\" data-mgbs-toggle=\"tab\" data-mgbs-target=\"#mapt_19324647\" href=\"#\" role=\"tab\" aria-controls=\"mapt_19324647\" aria-selected=\"false\">\r\n                                                                                        <span>Digitalizaci\u00f3n<\/span>\r\n                                                                                    <\/a>\r\n                                    <\/li>\r\n                                \r\n                            <\/ul>\r\n                        <\/div>\r\n\r\n\r\n                        <!-- Horijontal tab start -->\r\n                                                                        <div class=\"mgp-tab-content mpdtab-content\">\r\n                                                                                        <div id=\"mapt_19324640\" class=\"mgp-tab-pane mgp-fade in mgp-show mgp-active\" role=\"tabpanel\" aria-labelledby=\"home-tab\">\r\n                                    <div  class=\"mgp-unique5880547 mgpostd mgpde-items style1 mgpostd-grid \">\r\n\r\n                                        <div class=\"mgp-row\">\r\n\r\n\r\n                                                                                    <\/div>\r\n\r\n                                    <\/div>\r\n                                <\/div>\r\n\r\n\r\n                                                            <div id=\"mapt_19324641\" class=\"mgp-tab-pane mgp-fade in \" role=\"tabpanel\" aria-labelledby=\"home-tab\">\r\n                                    <div  class=\"mgp-unique5880547 mgpostd mgpde-items style1 mgpostd-grid \">\r\n\r\n                                        <div class=\"mgp-row\">\r\n\r\n\r\n                                                                                    <\/div>\r\n\r\n                                    <\/div>\r\n                                <\/div>\r\n\r\n\r\n                                                            <div id=\"mapt_19324642\" class=\"mgp-tab-pane mgp-fade in \" role=\"tabpanel\" aria-labelledby=\"home-tab\">\r\n                                    <div  class=\"mgp-unique5880547 mgpostd mgpde-items style1 mgpostd-grid \">\r\n\r\n                                        <div class=\"mgp-row\">\r\n\r\n\r\n                                                                                    <\/div>\r\n\r\n                                    <\/div>\r\n                                <\/div>\r\n\r\n\r\n                                                            <div id=\"mapt_19324643\" class=\"mgp-tab-pane mgp-fade in \" role=\"tabpanel\" aria-labelledby=\"home-tab\">\r\n                                    <div  class=\"mgp-unique5880547 mgpostd mgpde-items style1 mgpostd-grid \">\r\n\r\n                                        <div class=\"mgp-row\">\r\n\r\n\r\n                                                                                    <\/div>\r\n\r\n                                    <\/div>\r\n                                <\/div>\r\n\r\n\r\n                                                            <div id=\"mapt_19324644\" class=\"mgp-tab-pane mgp-fade in \" role=\"tabpanel\" aria-labelledby=\"home-tab\">\r\n                                    <div  class=\"mgp-unique5880547 mgpostd mgpde-items style1 mgpostd-grid \">\r\n\r\n                                        <div class=\"mgp-row\">\r\n\r\n\r\n                                                                                    <\/div>\r\n\r\n                                    <\/div>\r\n                                <\/div>\r\n\r\n\r\n                                                            <div id=\"mapt_19324645\" class=\"mgp-tab-pane mgp-fade in \" role=\"tabpanel\" aria-labelledby=\"home-tab\">\r\n                                    <div  class=\"mgp-unique5880547 mgpostd mgpde-items style1 mgpostd-grid \">\r\n\r\n                                        <div class=\"mgp-row\">\r\n\r\n\r\n                                                                                    <\/div>\r\n\r\n                                    <\/div>\r\n                                <\/div>\r\n\r\n\r\n                                                            <div id=\"mapt_19324646\" class=\"mgp-tab-pane mgp-fade in \" role=\"tabpanel\" aria-labelledby=\"home-tab\">\r\n                                    <div  class=\"mgp-unique5880547 mgpostd mgpde-items style1 mgpostd-grid \">\r\n\r\n                                        <div class=\"mgp-row\">\r\n\r\n\r\n                                                                                    <\/div>\r\n\r\n                                    <\/div>\r\n                                <\/div>\r\n\r\n\r\n                                                            <div id=\"mapt_19324647\" class=\"mgp-tab-pane mgp-fade in \" role=\"tabpanel\" aria-labelledby=\"home-tab\">\r\n                                    <div  class=\"mgp-unique5880547 mgpostd mgpde-items style1 mgpostd-grid \">\r\n\r\n                                        <div class=\"mgp-row\">\r\n\r\n\r\n                                                                                    <\/div>\r\n\r\n                                    <\/div>\r\n                                <\/div>\r\n\r\n\r\n                            \r\n                        <\/div>\r\n\r\n                        <!-- Horijontal tab start -->\r\n                        \r\n\r\n\r\n            <\/div>\r\n        \r\n\t\t\t\t<\/div>\n\t\t\t\t<\/div>\n\t\t\t\t\t<\/div>\n\t\t\t\t<\/div>\n\t\t\t\t<\/div>\n\t\t","protected":false},"excerpt":{"rendered":"<p>NACHRICHTEN Blog Mindhead Ayudas Fomento Econom\u00eda Casos de \u00e9xito Financiaci\u00f3n Digitalizaci\u00f3n<\/p>\n","protected":false},"author":1,"featured_media":0,"parent":0,"menu_order":0,"comment_status":"closed","ping_status":"closed","template":"","meta":{"footnotes":""},"class_list":["post-2670","page","type-page","status-publish","hentry"],"_links":{"self":[{"href":"https:\/\/mindhead.es\/de\/wp-json\/wp\/v2\/pages\/2670","targetHints":{"allow":["GET"]}}],"collection":[{"href":"https:\/\/mindhead.es\/de\/wp-json\/wp\/v2\/pages"}],"about":[{"href":"https:\/\/mindhead.es\/de\/wp-json\/wp\/v2\/types\/page"}],"author":[{"embeddable":true,"href":"https:\/\/mindhead.es\/de\/wp-json\/wp\/v2\/users\/1"}],"replies":[{"embeddable":true,"href":"https:\/\/mindhead.es\/de\/wp-json\/wp\/v2\/comments?post=2670"}],"version-history":[{"count":4,"href":"https:\/\/mindhead.es\/de\/wp-json\/wp\/v2\/pages\/2670\/revisions"}],"predecessor-version":[{"id":3254,"href":"https:\/\/mindhead.es\/de\/wp-json\/wp\/v2\/pages\/2670\/revisions\/3254"}],"wp:attachment":[{"href":"https:\/\/mindhead.es\/de\/wp-json\/wp\/v2\/media?parent=2670"}],"curies":[{"name":"wp","href":"https:\/\/api.w.org\/{rel}","templated":true}]}}